{"id":2,"date":"2023-03-06T06:08:46","date_gmt":"2023-03-06T06:08:46","guid":{"rendered":"https:\/\/marita-wiggerthale.de\/?page_id=2"},"modified":"2024-05-18T11:35:55","modified_gmt":"2024-05-18T11:35:55","slug":"sample-page","status":"publish","type":"page","link":"https:\/\/marita-wiggerthale.de\/sample-page\/","title":{"rendered":"\u00dcber mich"},"content":{"rendered":"\n<blockquote class=\"wp-block-quote is-layout-flow wp-block-quote-is-layout-flow\">\n<p style=\"font-size:16px\">Hallo! Ich bin auf dem Bauernhof gro\u00df geworden, freue mich \u00fcber Tiere auf der Weide, Vielfalt auf dem Acker und auf dem Teller. Boden und Pflanzen als \u00d6kosystem zu sehen, Moore wiederzuvern\u00e4ssen, Agroforstsysteme und naturnahe W\u00e4lder zu f\u00f6rdern, ist f\u00fcr mich in Zeiten der Klimakrise wichtiger denn je. Lebendige l\u00e4ndliche R\u00e4ume gut vernetzt mit St\u00e4dten sind der Schl\u00fcssel f\u00fcr eine regionale Versorgung mit Lebensmitteln, hierzulande und im globalen S\u00fcden.<\/p>\n<\/blockquote>\n\n\n\n<p class=\"has-text-align-center has-vivid-red-color has-text-color has-small-font-size\"><\/p>\n\n\n\n<div class=\"wp-block-columns is-layout-flex wp-container-core-columns-is-layout-9d6595d7 wp-block-columns-is-layout-flex\">\n<div class=\"wp-block-column is-layout-flow wp-block-column-is-layout-flow\">\n<figure class=\"wp-block-image size-full\"><img loading=\"lazy\" decoding=\"async\" width=\"566\" height=\"316\" src=\"https:\/\/marita-wiggerthale.de\/wp-content\/uploads\/2023\/03\/Wiggerthale_Digitalisierung.png\" alt=\"\" class=\"wp-image-345\" srcset=\"https:\/\/marita-wiggerthale.de\/wp-content\/uploads\/2023\/03\/Wiggerthale_Digitalisierung.png 566w, https:\/\/marita-wiggerthale.de\/wp-content\/uploads\/2023\/03\/Wiggerthale_Digitalisierung-300x167.png 300w\" sizes=\"auto, (max-width: 566px) 100vw, 566px\" \/><\/figure>\n\n\n\n<figure class=\"wp-block-image size-large\"><img loading=\"lazy\" decoding=\"async\" width=\"1024\" height=\"657\" src=\"https:\/\/marita-wiggerthale.de\/wp-content\/uploads\/2023\/03\/oxfam-fotostunt_005-1024x657.jpg\" alt=\"\" class=\"wp-image-378\" srcset=\"https:\/\/marita-wiggerthale.de\/wp-content\/uploads\/2023\/03\/oxfam-fotostunt_005-1024x657.jpg 1024w, https:\/\/marita-wiggerthale.de\/wp-content\/uploads\/2023\/03\/oxfam-fotostunt_005-300x192.jpg 300w, https:\/\/marita-wiggerthale.de\/wp-content\/uploads\/2023\/03\/oxfam-fotostunt_005-768x493.jpg 768w, https:\/\/marita-wiggerthale.de\/wp-content\/uploads\/2023\/03\/oxfam-fotostunt_005-1536x985.jpg 1536w, https:\/\/marita-wiggerthale.de\/wp-content\/uploads\/2023\/03\/oxfam-fotostunt_005-2048x1313.jpg 2048w\" sizes=\"auto, (max-width: 1024px) 100vw, 1024px\" \/><\/figure>\n<\/div>\n\n\n\n<div class=\"wp-block-column is-layout-flow wp-block-column-is-layout-flow\">\n<figure class=\"wp-block-image size-full\"><img loading=\"lazy\" decoding=\"async\" width=\"210\" height=\"315\" src=\"https:\/\/marita-wiggerthale.de\/wp-content\/uploads\/2023\/03\/big_43517436_0_210-315.jpg\" alt=\"\" class=\"wp-image-368\" srcset=\"https:\/\/marita-wiggerthale.de\/wp-content\/uploads\/2023\/03\/big_43517436_0_210-315.jpg 210w, https:\/\/marita-wiggerthale.de\/wp-content\/uploads\/2023\/03\/big_43517436_0_210-315-200x300.jpg 200w\" sizes=\"auto, (max-width: 210px) 100vw, 210px\" \/><\/figure>\n<\/div>\n\n\n\n<div class=\"wp-block-column is-layout-flow wp-block-column-is-layout-flow\">\n<figure class=\"wp-block-image size-large\"><img loading=\"lazy\" decoding=\"async\" width=\"1024\" height=\"576\" src=\"https:\/\/marita-wiggerthale.de\/wp-content\/uploads\/2023\/03\/20200119_163449-1024x576.jpg\" alt=\"\" class=\"wp-image-367\" srcset=\"https:\/\/marita-wiggerthale.de\/wp-content\/uploads\/2023\/03\/20200119_163449-1024x576.jpg 1024w, https:\/\/marita-wiggerthale.de\/wp-content\/uploads\/2023\/03\/20200119_163449-300x169.jpg 300w, https:\/\/marita-wiggerthale.de\/wp-content\/uploads\/2023\/03\/20200119_163449-768x432.jpg 768w, https:\/\/marita-wiggerthale.de\/wp-content\/uploads\/2023\/03\/20200119_163449-1536x864.jpg 1536w, https:\/\/marita-wiggerthale.de\/wp-content\/uploads\/2023\/03\/20200119_163449-2048x1152.jpg 2048w\" sizes=\"auto, (max-width: 1024px) 100vw, 1024px\" \/><\/figure>\n\n\n\n<figure class=\"wp-block-image size-large\"><img loading=\"lazy\" decoding=\"async\" width=\"1024\" height=\"683\" src=\"https:\/\/marita-wiggerthale.de\/wp-content\/uploads\/2023\/03\/Campact_Biosprit_BMU2-1-1024x683.jpg\" alt=\"\" class=\"wp-image-377\" srcset=\"https:\/\/marita-wiggerthale.de\/wp-content\/uploads\/2023\/03\/Campact_Biosprit_BMU2-1-1024x683.jpg 1024w, https:\/\/marita-wiggerthale.de\/wp-content\/uploads\/2023\/03\/Campact_Biosprit_BMU2-1-300x200.jpg 300w, https:\/\/marita-wiggerthale.de\/wp-content\/uploads\/2023\/03\/Campact_Biosprit_BMU2-1-768x512.jpg 768w, https:\/\/marita-wiggerthale.de\/wp-content\/uploads\/2023\/03\/Campact_Biosprit_BMU2-1-1536x1024.jpg 1536w\" sizes=\"auto, (max-width: 1024px) 100vw, 1024px\" \/><\/figure>\n<\/div>\n<\/div>\n\n\n\n<p class=\"has-text-align-center has-vivid-red-color has-text-color has-small-font-size\"><\/p>\n\n\n\n<blockquote class=\"wp-block-quote is-layout-flow wp-block-quote-is-layout-flow\">\n<p class=\"has-vivid-red-color has-text-color\" style=\"font-size:16px\">Was ich bislang beruflich gemacht habe<\/p>\n\n\n\n<p><\/p>\n\n\n\n<p style=\"font-size:16px\">&#8211;  <em>ab Mai 2022: koordinierende Agrarreferentin der Bundestagsfraktion B\u00fcndnis90\/Die Gr\u00fcnen<\/em><\/p>\n\n\n\n<p style=\"font-size:16px\">&#8211;  <em>2005-2022: Referentin f\u00fcr Weltern\u00e4hrung und globale Agrarfragen bei Oxfam Deutschland<\/em><\/p>\n\n\n\n<p style=\"font-size:16px\"><em>&#8211; 2002-2004: Leiterin TradeWatch, Handelsreferentin bei Germanwatch&nbsp;<\/em><\/p>\n\n\n\n<p style=\"font-size:16px\">&#8211;  <em>2000-2002 Generalsekret\u00e4rin der internationalen katholischen Landjugendbewegung (MIJARC) <\/em><\/p>\n\n\n\n<p style=\"font-size:16px\"><em>&#8211; 1995-2000: Magisterstudium der Politik-, Wirtschaft- und Erziehungswissenschaften inkl. <\/em><\/p>\n\n\n\n<p style=\"font-size:16px\">    <em>Auslandssemester in Frankreich und Praktika in Aachen, London und Br\u00fcssel<\/em><\/p>\n\n\n\n<p style=\"font-size:16px\">&#8211;  <em>1989-1991: Freiwilligendienst in P\u00e9ru<\/em><\/p>\n\n\n\n<p style=\"font-size:16px\">&#8211;  <em>1985-1995: T\u00e4tigkeit als staatliche anerkannte Krankengymnastin<\/em><\/p>\n\n\n\n<p><\/p>\n<\/blockquote>\n\n\n\n<p><\/p>\n\n\n\n<p><\/p>\n\n\n\n<p><\/p>\n\n\n\n<div class=\"wp-block-columns is-layout-flex wp-container-core-columns-is-layout-9d6595d7 wp-block-columns-is-layout-flex\">\n<div class=\"wp-block-column is-layout-flow wp-block-column-is-layout-flow\">\n<figure class=\"wp-block-image size-large\"><img loading=\"lazy\" decoding=\"async\" width=\"978\" height=\"1024\" src=\"https:\/\/marita-wiggerthale.de\/wp-content\/uploads\/2023\/03\/Marita-Wiggerthale_Zitat_8-3-2020-978x1024.png\" alt=\"\" class=\"wp-image-369\" srcset=\"https:\/\/marita-wiggerthale.de\/wp-content\/uploads\/2023\/03\/Marita-Wiggerthale_Zitat_8-3-2020-978x1024.png 978w, https:\/\/marita-wiggerthale.de\/wp-content\/uploads\/2023\/03\/Marita-Wiggerthale_Zitat_8-3-2020-286x300.png 286w, https:\/\/marita-wiggerthale.de\/wp-content\/uploads\/2023\/03\/Marita-Wiggerthale_Zitat_8-3-2020-768x804.png 768w, https:\/\/marita-wiggerthale.de\/wp-content\/uploads\/2023\/03\/Marita-Wiggerthale_Zitat_8-3-2020.png 1080w\" sizes=\"auto, (max-width: 978px) 100vw, 978px\" \/><\/figure>\n<\/div>\n\n\n\n<div class=\"wp-block-column is-layout-flow wp-block-column-is-layout-flow\">\n<figure class=\"wp-block-image size-large\"><img loading=\"lazy\" decoding=\"async\" width=\"1024\" height=\"1024\" src=\"https:\/\/marita-wiggerthale.de\/wp-content\/uploads\/2023\/03\/WHES2020_Testimonials_Oxfam-1024x1024.jpg\" alt=\"\" class=\"wp-image-371\" srcset=\"https:\/\/marita-wiggerthale.de\/wp-content\/uploads\/2023\/03\/WHES2020_Testimonials_Oxfam-1024x1024.jpg 1024w, https:\/\/marita-wiggerthale.de\/wp-content\/uploads\/2023\/03\/WHES2020_Testimonials_Oxfam-300x300.jpg 300w, https:\/\/marita-wiggerthale.de\/wp-content\/uploads\/2023\/03\/WHES2020_Testimonials_Oxfam-150x150.jpg 150w, https:\/\/marita-wiggerthale.de\/wp-content\/uploads\/2023\/03\/WHES2020_Testimonials_Oxfam-768x768.jpg 768w, https:\/\/marita-wiggerthale.de\/wp-content\/uploads\/2023\/03\/WHES2020_Testimonials_Oxfam.jpg 1080w\" sizes=\"auto, (max-width: 1024px) 100vw, 1024px\" \/><\/figure>\n<\/div>\n\n\n\n<div class=\"wp-block-column is-layout-flow wp-block-column-is-layout-flow\">\n<figure class=\"wp-block-image size-large\"><img loading=\"lazy\" decoding=\"async\" width=\"1024\" height=\"1024\" src=\"https:\/\/marita-wiggerthale.de\/wp-content\/uploads\/2023\/03\/WHES21_Testimonials_3_Oxfam-1024x1024.jpg\" alt=\"\" class=\"wp-image-370\" srcset=\"https:\/\/marita-wiggerthale.de\/wp-content\/uploads\/2023\/03\/WHES21_Testimonials_3_Oxfam-1024x1024.jpg 1024w, https:\/\/marita-wiggerthale.de\/wp-content\/uploads\/2023\/03\/WHES21_Testimonials_3_Oxfam-300x300.jpg 300w, https:\/\/marita-wiggerthale.de\/wp-content\/uploads\/2023\/03\/WHES21_Testimonials_3_Oxfam-150x150.jpg 150w, https:\/\/marita-wiggerthale.de\/wp-content\/uploads\/2023\/03\/WHES21_Testimonials_3_Oxfam-768x768.jpg 768w, https:\/\/marita-wiggerthale.de\/wp-content\/uploads\/2023\/03\/WHES21_Testimonials_3_Oxfam.jpg 1080w\" sizes=\"auto, (max-width: 1024px) 100vw, 1024px\" \/><\/figure>\n<\/div>\n<\/div>\n\n\n\n<p><\/p>\n\n\n\n<blockquote class=\"wp-block-quote is-layout-flow wp-block-quote-is-layout-flow\">\n<p style=\"font-size:16px\">Dank: <em>Als erstes an <strong>Marita Wiggerthale<\/strong> von Oxfam Deutschland, die zusammen mit GegenStr\u00f6mung ein wichtiges Dossier \u2013 \u201eSiemens schmutzige Gesch\u00e4fte mit Wasser\u201c \u2013 herausgebracht hat und damit die Informationsdichte und \u00f6ffentliche Aufmerksamkeit auf ein anderes Niveau gehoben hat, als wir das konnten. \u00dcberdies unterst\u00fctzte Marita ohne b\u00fcrokratische Komplikationen unsere Mobilisierungen und arbeitete solidarisch \u201eauf Augenh\u00f6he\u201c mit uns zusammen. Eine Haltung, die f\u00fcr Vertreter*innen von Gro\u00df-NGO gegen\u00fcber Aktivist*innen und Ehrenamtlichen doch eher selten ist und die wir ihr hoch anrechnen.<\/em><\/p>\n\n\n\n<p style=\"font-size:16px\"><\/p>\n\n\n\n<p style=\"font-size:16px\">Quelle: Gegenstr\u00f6mung <\/p>\n<\/blockquote>\n\n\n\n<p><\/p>\n\n\n\n<blockquote class=\"wp-block-quote is-layout-flow wp-block-quote-is-layout-flow\">\n<p><\/p>\n\n\n\n<div class=\"wp-block-columns is-layout-flex wp-container-core-columns-is-layout-9d6595d7 wp-block-columns-is-layout-flex\">\n<div class=\"wp-block-column is-layout-flow wp-block-column-is-layout-flow\">\n<figure class=\"wp-block-image size-full is-resized\"><img loading=\"lazy\" decoding=\"async\" width=\"450\" height=\"254\" src=\"https:\/\/marita-wiggerthale.de\/wp-content\/uploads\/2023\/03\/20160504-protest-siemens-voith-agua-zarca-berta-caceres.jpg\" alt=\"\" class=\"wp-image-375\" style=\"width:323px;height:182px\" srcset=\"https:\/\/marita-wiggerthale.de\/wp-content\/uploads\/2023\/03\/20160504-protest-siemens-voith-agua-zarca-berta-caceres.jpg 450w, https:\/\/marita-wiggerthale.de\/wp-content\/uploads\/2023\/03\/20160504-protest-siemens-voith-agua-zarca-berta-caceres-300x169.jpg 300w\" sizes=\"auto, (max-width: 450px) 100vw, 450px\" \/><\/figure>\n<\/div>\n\n\n\n<div class=\"wp-block-column is-layout-flow wp-block-column-is-layout-flow\">\n<p><\/p>\n\n\n\n<figure class=\"wp-block-image size-full\"><img loading=\"lazy\" decoding=\"async\" width=\"928\" height=\"510\" src=\"https:\/\/marita-wiggerthale.de\/wp-content\/uploads\/2023\/03\/Oxfam-klagt-an-Mord-1.png\" alt=\"\" class=\"wp-image-393\" srcset=\"https:\/\/marita-wiggerthale.de\/wp-content\/uploads\/2023\/03\/Oxfam-klagt-an-Mord-1.png 928w, https:\/\/marita-wiggerthale.de\/wp-content\/uploads\/2023\/03\/Oxfam-klagt-an-Mord-1-300x165.png 300w, https:\/\/marita-wiggerthale.de\/wp-content\/uploads\/2023\/03\/Oxfam-klagt-an-Mord-1-768x422.png 768w\" sizes=\"auto, (max-width: 928px) 100vw, 928px\" \/><\/figure>\n\n\n\n<p>Quelle: <a href=\"https:\/\/www.sueddeutsche.de\/wirtschaft\/oxfam-klagt-an-mord-in-honduras-1.2977483?print=true\" data-type=\"URL\" data-id=\"https:\/\/www.sueddeutsche.de\/wirtschaft\/oxfam-klagt-an-mord-in-honduras-1.2977483?print=true\">S\u00fcddeutsche Zeitung<\/a><\/p>\n<\/div>\n<\/div>\n<\/blockquote>\n","protected":false},"excerpt":{"rendered":"<p>Hallo! Ich bin auf dem Bauernhof gro\u00df geworden, freue mich \u00fcber Tiere auf der Weide, Vielfalt auf dem Acker und auf dem Teller. Boden und Pflanzen als \u00d6kosystem zu sehen, &hellip; <\/p>\n","protected":false},"author":1,"featured_media":0,"parent":0,"menu_order":0,"comment_status":"closed","ping_status":"open","template":"","meta":{"footnotes":""},"class_list":["post-2","page","type-page","status-publish","hentry"],"yoast_head":"<!-- This site is optimized with the Yoast SEO plugin v27.3 - https:\/\/yoast.com\/product\/yoast-seo-wordpress\/ -->\n<title>\u00dcber mich - Marita Wiggerthale<\/title>\n<meta name=\"robots\" content=\"index, follow, max-snippet:-1, max-image-preview:large, max-video-preview:-1\" \/>\n<link rel=\"canonical\" href=\"https:\/\/marita-wiggerthale.de\/sample-page\/\" \/>\n<meta property=\"og:locale\" content=\"de_DE\" \/>\n<meta property=\"og:type\" content=\"article\" \/>\n<meta property=\"og:title\" content=\"\u00dcber mich - Marita Wiggerthale\" \/>\n<meta property=\"og:description\" content=\"Hallo! Ich bin auf dem Bauernhof gro\u00df geworden, freue mich \u00fcber Tiere auf der Weide, Vielfalt auf dem Acker und auf dem Teller. Boden und Pflanzen als \u00d6kosystem zu sehen, &hellip;\" \/>\n<meta property=\"og:url\" content=\"https:\/\/marita-wiggerthale.de\/sample-page\/\" \/>\n<meta property=\"og:site_name\" content=\"Marita Wiggerthale\" \/>\n<meta property=\"article:modified_time\" content=\"2024-05-18T11:35:55+00:00\" \/>\n<meta property=\"og:image\" content=\"https:\/\/marita-wiggerthale.de\/wp-content\/uploads\/2023\/03\/Wiggerthale_Digitalisierung.png\" \/>\n<meta name=\"twitter:card\" content=\"summary_large_image\" \/>\n<meta name=\"twitter:label1\" content=\"Gesch\u00e4tzte Lesezeit\" \/>\n\t<meta name=\"twitter:data1\" content=\"1\u00a0Minute\" \/>\n<script type=\"application\/ld+json\" class=\"yoast-schema-graph\">{\"@context\":\"https:\\\/\\\/schema.org\",\"@graph\":[{\"@type\":\"WebPage\",\"@id\":\"https:\\\/\\\/marita-wiggerthale.de\\\/sample-page\\\/\",\"url\":\"https:\\\/\\\/marita-wiggerthale.de\\\/sample-page\\\/\",\"name\":\"\u00dcber mich - Marita Wiggerthale\",\"isPartOf\":{\"@id\":\"https:\\\/\\\/marita-wiggerthale.de\\\/#website\"},\"primaryImageOfPage\":{\"@id\":\"https:\\\/\\\/marita-wiggerthale.de\\\/sample-page\\\/#primaryimage\"},\"image\":{\"@id\":\"https:\\\/\\\/marita-wiggerthale.de\\\/sample-page\\\/#primaryimage\"},\"thumbnailUrl\":\"https:\\\/\\\/marita-wiggerthale.de\\\/wp-content\\\/uploads\\\/2023\\\/03\\\/Wiggerthale_Digitalisierung.png\",\"datePublished\":\"2023-03-06T06:08:46+00:00\",\"dateModified\":\"2024-05-18T11:35:55+00:00\",\"breadcrumb\":{\"@id\":\"https:\\\/\\\/marita-wiggerthale.de\\\/sample-page\\\/#breadcrumb\"},\"inLanguage\":\"de\",\"potentialAction\":[{\"@type\":\"ReadAction\",\"target\":[\"https:\\\/\\\/marita-wiggerthale.de\\\/sample-page\\\/\"]}]},{\"@type\":\"ImageObject\",\"inLanguage\":\"de\",\"@id\":\"https:\\\/\\\/marita-wiggerthale.de\\\/sample-page\\\/#primaryimage\",\"url\":\"https:\\\/\\\/marita-wiggerthale.de\\\/wp-content\\\/uploads\\\/2023\\\/03\\\/Wiggerthale_Digitalisierung.png\",\"contentUrl\":\"https:\\\/\\\/marita-wiggerthale.de\\\/wp-content\\\/uploads\\\/2023\\\/03\\\/Wiggerthale_Digitalisierung.png\",\"width\":566,\"height\":316},{\"@type\":\"BreadcrumbList\",\"@id\":\"https:\\\/\\\/marita-wiggerthale.de\\\/sample-page\\\/#breadcrumb\",\"itemListElement\":[{\"@type\":\"ListItem\",\"position\":1,\"name\":\"Start\",\"item\":\"https:\\\/\\\/marita-wiggerthale.de\\\/\"},{\"@type\":\"ListItem\",\"position\":2,\"name\":\"\u00dcber mich\"}]},{\"@type\":\"WebSite\",\"@id\":\"https:\\\/\\\/marita-wiggerthale.de\\\/#website\",\"url\":\"https:\\\/\\\/marita-wiggerthale.de\\\/\",\"name\":\"Marita Wiggerthale\",\"description\":\"Transformation des Ern\u00e4hrungssystems mit Agrar\u00f6kologie\",\"publisher\":{\"@id\":\"https:\\\/\\\/marita-wiggerthale.de\\\/#\\\/schema\\\/person\\\/446f00b604a8bff6a51d2d4b2b62a136\"},\"potentialAction\":[{\"@type\":\"SearchAction\",\"target\":{\"@type\":\"EntryPoint\",\"urlTemplate\":\"https:\\\/\\\/marita-wiggerthale.de\\\/?s={search_term_string}\"},\"query-input\":{\"@type\":\"PropertyValueSpecification\",\"valueRequired\":true,\"valueName\":\"search_term_string\"}}],\"inLanguage\":\"de\"},{\"@type\":[\"Person\",\"Organization\"],\"@id\":\"https:\\\/\\\/marita-wiggerthale.de\\\/#\\\/schema\\\/person\\\/446f00b604a8bff6a51d2d4b2b62a136\",\"name\":\"Marita Wiggerthale\",\"image\":{\"@type\":\"ImageObject\",\"inLanguage\":\"de\",\"@id\":\"https:\\\/\\\/secure.gravatar.com\\\/avatar\\\/361b1a998f210bde425521b62446334346496ab70d7c7658cfa96fe5813b3a5e?s=96&d=mm&r=g\",\"url\":\"https:\\\/\\\/secure.gravatar.com\\\/avatar\\\/361b1a998f210bde425521b62446334346496ab70d7c7658cfa96fe5813b3a5e?s=96&d=mm&r=g\",\"contentUrl\":\"https:\\\/\\\/secure.gravatar.com\\\/avatar\\\/361b1a998f210bde425521b62446334346496ab70d7c7658cfa96fe5813b3a5e?s=96&d=mm&r=g\",\"caption\":\"Marita Wiggerthale\"},\"logo\":{\"@id\":\"https:\\\/\\\/secure.gravatar.com\\\/avatar\\\/361b1a998f210bde425521b62446334346496ab70d7c7658cfa96fe5813b3a5e?s=96&d=mm&r=g\"},\"sameAs\":[\"https:\\\/\\\/marita-wiggerthale.de\",\"https:\\\/\\\/www.instagram.com\\\/maritawiggerthale\\\/\",\"https:\\\/\\\/www.linkedin.com\\\/in\\\/marita-wiggerthale-913731b9\\\/\"]}]}<\/script>\n<!-- \/ Yoast SEO plugin. -->","yoast_head_json":{"title":"\u00dcber mich - Marita Wiggerthale","robots":{"index":"index","follow":"follow","max-snippet":"max-snippet:-1","max-image-preview":"max-image-preview:large","max-video-preview":"max-video-preview:-1"},"canonical":"https:\/\/marita-wiggerthale.de\/sample-page\/","og_locale":"de_DE","og_type":"article","og_title":"\u00dcber mich - Marita Wiggerthale","og_description":"Hallo! Ich bin auf dem Bauernhof gro\u00df geworden, freue mich \u00fcber Tiere auf der Weide, Vielfalt auf dem Acker und auf dem Teller. Boden und Pflanzen als \u00d6kosystem zu sehen, &hellip;","og_url":"https:\/\/marita-wiggerthale.de\/sample-page\/","og_site_name":"Marita Wiggerthale","article_modified_time":"2024-05-18T11:35:55+00:00","og_image":[{"url":"https:\/\/marita-wiggerthale.de\/wp-content\/uploads\/2023\/03\/Wiggerthale_Digitalisierung.png","type":"","width":"","height":""}],"twitter_card":"summary_large_image","twitter_misc":{"Gesch\u00e4tzte Lesezeit":"1\u00a0Minute"},"schema":{"@context":"https:\/\/schema.org","@graph":[{"@type":"WebPage","@id":"https:\/\/marita-wiggerthale.de\/sample-page\/","url":"https:\/\/marita-wiggerthale.de\/sample-page\/","name":"\u00dcber mich - Marita Wiggerthale","isPartOf":{"@id":"https:\/\/marita-wiggerthale.de\/#website"},"primaryImageOfPage":{"@id":"https:\/\/marita-wiggerthale.de\/sample-page\/#primaryimage"},"image":{"@id":"https:\/\/marita-wiggerthale.de\/sample-page\/#primaryimage"},"thumbnailUrl":"https:\/\/marita-wiggerthale.de\/wp-content\/uploads\/2023\/03\/Wiggerthale_Digitalisierung.png","datePublished":"2023-03-06T06:08:46+00:00","dateModified":"2024-05-18T11:35:55+00:00","breadcrumb":{"@id":"https:\/\/marita-wiggerthale.de\/sample-page\/#breadcrumb"},"inLanguage":"de","potentialAction":[{"@type":"ReadAction","target":["https:\/\/marita-wiggerthale.de\/sample-page\/"]}]},{"@type":"ImageObject","inLanguage":"de","@id":"https:\/\/marita-wiggerthale.de\/sample-page\/#primaryimage","url":"https:\/\/marita-wiggerthale.de\/wp-content\/uploads\/2023\/03\/Wiggerthale_Digitalisierung.png","contentUrl":"https:\/\/marita-wiggerthale.de\/wp-content\/uploads\/2023\/03\/Wiggerthale_Digitalisierung.png","width":566,"height":316},{"@type":"BreadcrumbList","@id":"https:\/\/marita-wiggerthale.de\/sample-page\/#breadcrumb","itemListElement":[{"@type":"ListItem","position":1,"name":"Start","item":"https:\/\/marita-wiggerthale.de\/"},{"@type":"ListItem","position":2,"name":"\u00dcber mich"}]},{"@type":"WebSite","@id":"https:\/\/marita-wiggerthale.de\/#website","url":"https:\/\/marita-wiggerthale.de\/","name":"Marita Wiggerthale","description":"Transformation des Ern\u00e4hrungssystems mit Agrar\u00f6kologie","publisher":{"@id":"https:\/\/marita-wiggerthale.de\/#\/schema\/person\/446f00b604a8bff6a51d2d4b2b62a136"},"potentialAction":[{"@type":"SearchAction","target":{"@type":"EntryPoint","urlTemplate":"https:\/\/marita-wiggerthale.de\/?s={search_term_string}"},"query-input":{"@type":"PropertyValueSpecification","valueRequired":true,"valueName":"search_term_string"}}],"inLanguage":"de"},{"@type":["Person","Organization"],"@id":"https:\/\/marita-wiggerthale.de\/#\/schema\/person\/446f00b604a8bff6a51d2d4b2b62a136","name":"Marita Wiggerthale","image":{"@type":"ImageObject","inLanguage":"de","@id":"https:\/\/secure.gravatar.com\/avatar\/361b1a998f210bde425521b62446334346496ab70d7c7658cfa96fe5813b3a5e?s=96&d=mm&r=g","url":"https:\/\/secure.gravatar.com\/avatar\/361b1a998f210bde425521b62446334346496ab70d7c7658cfa96fe5813b3a5e?s=96&d=mm&r=g","contentUrl":"https:\/\/secure.gravatar.com\/avatar\/361b1a998f210bde425521b62446334346496ab70d7c7658cfa96fe5813b3a5e?s=96&d=mm&r=g","caption":"Marita Wiggerthale"},"logo":{"@id":"https:\/\/secure.gravatar.com\/avatar\/361b1a998f210bde425521b62446334346496ab70d7c7658cfa96fe5813b3a5e?s=96&d=mm&r=g"},"sameAs":["https:\/\/marita-wiggerthale.de","https:\/\/www.instagram.com\/maritawiggerthale\/","https:\/\/www.linkedin.com\/in\/marita-wiggerthale-913731b9\/"]}]}},"_links":{"self":[{"href":"https:\/\/marita-wiggerthale.de\/wp-json\/wp\/v2\/pages\/2","targetHints":{"allow":["GET"]}}],"collection":[{"href":"https:\/\/marita-wiggerthale.de\/wp-json\/wp\/v2\/pages"}],"about":[{"href":"https:\/\/marita-wiggerthale.de\/wp-json\/wp\/v2\/types\/page"}],"author":[{"embeddable":true,"href":"https:\/\/marita-wiggerthale.de\/wp-json\/wp\/v2\/users\/1"}],"replies":[{"embeddable":true,"href":"https:\/\/marita-wiggerthale.de\/wp-json\/wp\/v2\/comments?post=2"}],"version-history":[{"count":20,"href":"https:\/\/marita-wiggerthale.de\/wp-json\/wp\/v2\/pages\/2\/revisions"}],"predecessor-version":[{"id":943,"href":"https:\/\/marita-wiggerthale.de\/wp-json\/wp\/v2\/pages\/2\/revisions\/943"}],"wp:attachment":[{"href":"https:\/\/marita-wiggerthale.de\/wp-json\/wp\/v2\/media?parent=2"}],"curies":[{"name":"wp","href":"https:\/\/api.w.org\/{rel}","templated":true}]}}