{"id":98,"date":"2023-03-11T11:50:08","date_gmt":"2023-03-11T11:50:08","guid":{"rendered":"https:\/\/marita-wiggerthale.de\/?page_id=98"},"modified":"2026-04-11T09:46:34","modified_gmt":"2026-04-11T09:46:34","slug":"agraroekoloige","status":"publish","type":"page","link":"https:\/\/marita-wiggerthale.de\/agraroekoloige\/","title":{"rendered":"Agrar\u00f6kologie"},"content":{"rendered":"\n<figure class=\"wp-block-image size-large\"><img loading=\"lazy\" decoding=\"async\" width=\"1024\" height=\"760\" src=\"https:\/\/marita-wiggerthale.de\/wp-content\/uploads\/2023\/03\/Agroecology-1024x760.png\" alt=\"\" class=\"wp-image-103\" srcset=\"https:\/\/marita-wiggerthale.de\/wp-content\/uploads\/2023\/03\/Agroecology-1024x760.png 1024w, https:\/\/marita-wiggerthale.de\/wp-content\/uploads\/2023\/03\/Agroecology-300x223.png 300w, https:\/\/marita-wiggerthale.de\/wp-content\/uploads\/2023\/03\/Agroecology-768x570.png 768w, https:\/\/marita-wiggerthale.de\/wp-content\/uploads\/2023\/03\/Agroecology.png 1507w\" sizes=\"auto, (max-width: 1024px) 100vw, 1024px\" \/><\/figure>\n\n\n\n<div class=\"wp-block-columns is-layout-flex wp-container-core-columns-is-layout-9d6595d7 wp-block-columns-is-layout-flex\">\n<div class=\"wp-block-column is-layout-flow wp-block-column-is-layout-flow\">\n<p class=\"has-black-color has-text-color has-link-color wp-elements-a03184b2d8782aafac31c38989e14116\"><a href=\"https:\/\/marita-wiggerthale.de\/die-unsichtbare-krise-auf-unserem-teller\/\" type=\"link\" id=\"https:\/\/marita-wiggerthale.de\/die-unsichtbare-krise-auf-unserem-teller\/\"><strong>Abh\u00e4ngig und krisenanf\u00e4llig: <\/strong>Unsere Landwirtschaft ist viel abh\u00e4ngiger und krisenanf\u00e4lliger, als viele denken. Ein globaler Energieschock zeichnet sich ab. Was ist zu tun, um unsere Ern\u00e4hrung zu sichern? Mehr&#8230;. <\/a><\/p>\n\n\n\n<p class=\"has-black-color has-text-color has-link-color wp-elements-9dc114ffd92589dbd2bf19507f26f2b5\"><a href=\"https:\/\/marita-wiggerthale.de\/faire-preise-umwelt-und-tierschutz-ist-der-artikel-210a-ein-hoffnungsschimmer\/\" type=\"link\" id=\"https:\/\/marita-wiggerthale.de\/faire-preise-umwelt-und-tierschutz-ist-der-artikel-210a-ein-hoffnungsschimmer\/\"><strong>Faire Preise, Umwelt- und Tierschutz:<\/strong> F\u00fcr Erzeuger*innen stellt der neue Artikel 210a ein Hoffnungsschimmer dar. Wie ist er aus Nachhaltigkeits-, Kartellrechts- und Erzeuger-perspektive zu bewerten? Mehr&#8230; <\/a><\/p>\n<\/div>\n\n\n\n<div class=\"wp-block-column is-layout-flow wp-block-column-is-layout-flow\">\n<p><strong>Klimafolgen:<\/strong> Die D\u00fcrre im Jahr 2018 macht die Klimakrise in Deutschland erlebbar. Am schlimmsten k\u00f6nnten jedoch Subsahara Afrika und S\u00fcdostasien betroffen sein. Was das mit Agrar\u00f6kologie zu tun hat? <a href=\"https:\/\/www.oxfam.de\/blog\/klimawandel-gefaehrdet-lebensmittelproduktion-tun\" data-type=\"URL\" data-id=\"https:\/\/www.oxfam.de\/blog\/klimawandel-gefaehrdet-lebensmittelproduktion-tun\">Mehr&#8230;<\/a><\/p>\n\n\n\n<p><strong>Aufbruch<\/strong>: Der Generaldirektor der Welter-n\u00e4hrungsorganisation FAO, Jos\u00e9 Graziano da Silva, bezeichnet die FAO als Kathedrale der Gr\u00fcnen Revolution. Mit der internationalen Konferenz im Jahr 2014 \u00f6ffnet er ein Fenster. <a href=\"https:\/\/www.oxfam.de\/blog\/fenster-kathedrale-gruenen-revolution\" data-type=\"URL\" data-id=\"https:\/\/www.oxfam.de\/blog\/fenster-kathedrale-gruenen-revolution\">Mehr&#8230;<\/a><\/p>\n<\/div>\n<\/div>\n\n\n\n<div class=\"wp-block-columns is-layout-flex wp-container-core-columns-is-layout-9d6595d7 wp-block-columns-is-layout-flex\">\n<div class=\"wp-block-column is-layout-flow wp-block-column-is-layout-flow\">\n<p><strong>\u00d6konomie des Wohlergehens:<\/strong> Barbara Sennholz-Weinhardt und ich gehen der Frage nach, wie eine sozial &amp; \u00f6kologisch gerechte Wirtschaft der Zukunft aussehen kann und welche Rolle die Lobbymacht von Konzernen spielt. <a href=\"https:\/\/marita-wiggerthale.de\/wp-content\/uploads\/2023\/03\/Die_konomie_des_Wohlergehens_2-20212.pdf\">Mehr&#8230;<\/a><\/p>\n\n\n\n<p><strong>R\u00fcckblick: <\/strong>Im Jahr 2020 bin ich vorsichtig optimistisch, dass das Entwicklungsministerium Agrar\u00f6kologie st\u00e4rker f\u00f6rdern w\u00fcrde, wie folgender Artikel zeigt (Zeitschrift&nbsp;<em>\u00d6kologie &amp; Landbau, <\/em>26.6.2020). <a href=\"https:\/\/marita-wiggerthale.de\/wp-content\/uploads\/2023\/03\/AE_vorsichtig_optimistisch.pdf\" data-type=\"attachment\" data-id=\"167\">Mehr&#8230;<\/a><\/p>\n\n\n\n<p><strong>Positionspapier: <\/strong>Mehr als 50 Organisationen zeichnen im Jahr 2019 das Positionspapier &#8222;Agrar\u00f6kologie st\u00e4rken&#8220; mit, das nicht nur in Deutschland, sondern auch international Beachtung findet. <a href=\"https:\/\/marita-wiggerthale.de\/wp-content\/uploads\/2023\/03\/AE_agraroekologie2019_positionspapier1.pdf\" data-type=\"attachment\" data-id=\"172\">Mehr&#8230;<\/a><\/p>\n\n\n\n<p><\/p>\n\n\n\n<p><\/p>\n<\/div>\n\n\n\n<div class=\"wp-block-column is-layout-flow wp-block-column-is-layout-flow\">\n<p><strong>Bilanz der Groko<\/strong>: Die Bilanz des Jahres 2019 zeigt Licht und Schatten der Regierungspolitik. Ein koh\u00e4rentes Regierungshandeln zur St\u00e4rkung holistischer Ans\u00e4tze, wie der Agrar\u00f6kologie,  ist  nicht erkennbar.  (M\u00e4rz 2020). <a href=\"https:\/\/marita-wiggerthale.de\/wp-content\/uploads\/2023\/03\/AE_agraroekologie2020_bilanzpapier_0.pdf\" data-type=\"attachment\" data-id=\"173\">Mehr&#8230;.<\/a><\/p>\n\n\n\n<p><strong>Anh\u00f6rung im Bundestag<\/strong>: Am 27. Mai 2019 bin ich als Sachverst\u00e4ndige im Entwicklungsausschuss geladen. Das Thema: Weltern\u00e4hrung und Klimawandel. Meine Stellungnahme gibt es hier. <a href=\"https:\/\/marita-wiggerthale.de\/wp-content\/uploads\/2023\/03\/WE_oxfam_stellungnahme_welternaehrung_klimawandel.pdf\" data-type=\"attachment\" data-id=\"180\">Mehr&#8230;.<\/a><\/p>\n\n\n\n<p><strong><strong>Besser anders, anders besser<\/strong>: <\/strong>Die Publikation &#8222;Mit Agrar\u00f6kologie die Ern\u00e4hrungswende gestalten&#8220; aus dem Jahr 2016 zeigt anhand von Praxisbeispielen wie innovativ, solidarisch und transformativ Agrar\u00f6kologie ist.<strong> <a href=\"https:\/\/marita-wiggerthale.de\/wp-content\/uploads\/2023\/03\/AE_agraroekologie_broschuere_a4_web.pdf\">Mehr&#8230;.<\/a><\/strong><\/p>\n\n\n\n<p><strong>Meilenstein<\/strong>: Mehr als 500 Delegierte aus f\u00fcnf Kontinenten kommen im Februar 2007 nach Mali zum World Forum for Food Sovereignty zusammen. Das Ergebnis: Die Nyel\u00e9ni-Erkl\u00e4rung, die viele inspiriert hat. <a href=\"https:\/\/www.fao.org\/agroecology\/database\/detail\/en\/c\/1253617\/\" data-type=\"URL\" data-id=\"https:\/\/www.fao.org\/agroecology\/database\/detail\/en\/c\/1253617\/\">Mehr&#8230;.<\/a><\/p>\n<\/div>\n<\/div>\n\n\n\n<p><\/p>\n","protected":false},"excerpt":{"rendered":"<p>Abh\u00e4ngig und krisenanf\u00e4llig: Unsere Landwirtschaft ist viel abh\u00e4ngiger und krisenanf\u00e4lliger, als viele denken. Ein globaler Energieschock zeichnet sich ab. Was ist zu tun, um unsere Ern\u00e4hrung zu sichern? Mehr&#8230;. Faire &hellip; <\/p>\n","protected":false},"author":1,"featured_media":0,"parent":0,"menu_order":2,"comment_status":"closed","ping_status":"closed","template":"","meta":{"footnotes":""},"class_list":["post-98","page","type-page","status-publish","hentry"],"yoast_head":"<!-- This site is optimized with the Yoast SEO plugin v27.3 - https:\/\/yoast.com\/product\/yoast-seo-wordpress\/ -->\n<title>Agrar\u00f6kologie - Marita Wiggerthale<\/title>\n<meta name=\"robots\" content=\"index, follow, max-snippet:-1, max-image-preview:large, max-video-preview:-1\" \/>\n<link rel=\"canonical\" href=\"https:\/\/marita-wiggerthale.de\/agraroekoloige\/\" \/>\n<meta property=\"og:locale\" content=\"de_DE\" \/>\n<meta property=\"og:type\" content=\"article\" \/>\n<meta property=\"og:title\" content=\"Agrar\u00f6kologie - Marita Wiggerthale\" \/>\n<meta property=\"og:description\" content=\"Abh\u00e4ngig und krisenanf\u00e4llig: Unsere Landwirtschaft ist viel abh\u00e4ngiger und krisenanf\u00e4lliger, als viele denken. Ein globaler Energieschock zeichnet sich ab. Was ist zu tun, um unsere Ern\u00e4hrung zu sichern? Mehr&#8230;. Faire &hellip;\" \/>\n<meta property=\"og:url\" content=\"https:\/\/marita-wiggerthale.de\/agraroekoloige\/\" \/>\n<meta property=\"og:site_name\" content=\"Marita Wiggerthale\" \/>\n<meta property=\"article:modified_time\" content=\"2026-04-11T09:46:34+00:00\" \/>\n<meta property=\"og:image\" content=\"https:\/\/marita-wiggerthale.de\/wp-content\/uploads\/2023\/03\/Agroecology-1024x760.png\" \/>\n\t<meta property=\"og:image:width\" content=\"1024\" \/>\n\t<meta property=\"og:image:height\" content=\"760\" \/>\n\t<meta property=\"og:image:type\" content=\"image\/png\" \/>\n<meta name=\"twitter:card\" content=\"summary_large_image\" \/>\n<meta name=\"twitter:label1\" content=\"Gesch\u00e4tzte Lesezeit\" \/>\n\t<meta name=\"twitter:data1\" content=\"2\u00a0Minuten\" \/>\n<script type=\"application\/ld+json\" class=\"yoast-schema-graph\">{\"@context\":\"https:\\\/\\\/schema.org\",\"@graph\":[{\"@type\":\"WebPage\",\"@id\":\"https:\\\/\\\/marita-wiggerthale.de\\\/agraroekoloige\\\/\",\"url\":\"https:\\\/\\\/marita-wiggerthale.de\\\/agraroekoloige\\\/\",\"name\":\"Agrar\u00f6kologie - Marita Wiggerthale\",\"isPartOf\":{\"@id\":\"https:\\\/\\\/marita-wiggerthale.de\\\/#website\"},\"primaryImageOfPage\":{\"@id\":\"https:\\\/\\\/marita-wiggerthale.de\\\/agraroekoloige\\\/#primaryimage\"},\"image\":{\"@id\":\"https:\\\/\\\/marita-wiggerthale.de\\\/agraroekoloige\\\/#primaryimage\"},\"thumbnailUrl\":\"https:\\\/\\\/marita-wiggerthale.de\\\/wp-content\\\/uploads\\\/2023\\\/03\\\/Agroecology-1024x760.png\",\"datePublished\":\"2023-03-11T11:50:08+00:00\",\"dateModified\":\"2026-04-11T09:46:34+00:00\",\"breadcrumb\":{\"@id\":\"https:\\\/\\\/marita-wiggerthale.de\\\/agraroekoloige\\\/#breadcrumb\"},\"inLanguage\":\"de\",\"potentialAction\":[{\"@type\":\"ReadAction\",\"target\":[\"https:\\\/\\\/marita-wiggerthale.de\\\/agraroekoloige\\\/\"]}]},{\"@type\":\"ImageObject\",\"inLanguage\":\"de\",\"@id\":\"https:\\\/\\\/marita-wiggerthale.de\\\/agraroekoloige\\\/#primaryimage\",\"url\":\"https:\\\/\\\/marita-wiggerthale.de\\\/wp-content\\\/uploads\\\/2023\\\/03\\\/Agroecology.png\",\"contentUrl\":\"https:\\\/\\\/marita-wiggerthale.de\\\/wp-content\\\/uploads\\\/2023\\\/03\\\/Agroecology.png\",\"width\":1507,\"height\":1118},{\"@type\":\"BreadcrumbList\",\"@id\":\"https:\\\/\\\/marita-wiggerthale.de\\\/agraroekoloige\\\/#breadcrumb\",\"itemListElement\":[{\"@type\":\"ListItem\",\"position\":1,\"name\":\"Start\",\"item\":\"https:\\\/\\\/marita-wiggerthale.de\\\/\"},{\"@type\":\"ListItem\",\"position\":2,\"name\":\"Agrar\u00f6kologie\"}]},{\"@type\":\"WebSite\",\"@id\":\"https:\\\/\\\/marita-wiggerthale.de\\\/#website\",\"url\":\"https:\\\/\\\/marita-wiggerthale.de\\\/\",\"name\":\"Marita Wiggerthale\",\"description\":\"Transformation des Ern\u00e4hrungssystems mit Agrar\u00f6kologie\",\"publisher\":{\"@id\":\"https:\\\/\\\/marita-wiggerthale.de\\\/#\\\/schema\\\/person\\\/446f00b604a8bff6a51d2d4b2b62a136\"},\"potentialAction\":[{\"@type\":\"SearchAction\",\"target\":{\"@type\":\"EntryPoint\",\"urlTemplate\":\"https:\\\/\\\/marita-wiggerthale.de\\\/?s={search_term_string}\"},\"query-input\":{\"@type\":\"PropertyValueSpecification\",\"valueRequired\":true,\"valueName\":\"search_term_string\"}}],\"inLanguage\":\"de\"},{\"@type\":[\"Person\",\"Organization\"],\"@id\":\"https:\\\/\\\/marita-wiggerthale.de\\\/#\\\/schema\\\/person\\\/446f00b604a8bff6a51d2d4b2b62a136\",\"name\":\"Marita Wiggerthale\",\"image\":{\"@type\":\"ImageObject\",\"inLanguage\":\"de\",\"@id\":\"https:\\\/\\\/secure.gravatar.com\\\/avatar\\\/361b1a998f210bde425521b62446334346496ab70d7c7658cfa96fe5813b3a5e?s=96&d=mm&r=g\",\"url\":\"https:\\\/\\\/secure.gravatar.com\\\/avatar\\\/361b1a998f210bde425521b62446334346496ab70d7c7658cfa96fe5813b3a5e?s=96&d=mm&r=g\",\"contentUrl\":\"https:\\\/\\\/secure.gravatar.com\\\/avatar\\\/361b1a998f210bde425521b62446334346496ab70d7c7658cfa96fe5813b3a5e?s=96&d=mm&r=g\",\"caption\":\"Marita Wiggerthale\"},\"logo\":{\"@id\":\"https:\\\/\\\/secure.gravatar.com\\\/avatar\\\/361b1a998f210bde425521b62446334346496ab70d7c7658cfa96fe5813b3a5e?s=96&d=mm&r=g\"},\"sameAs\":[\"https:\\\/\\\/marita-wiggerthale.de\",\"https:\\\/\\\/www.instagram.com\\\/maritawiggerthale\\\/\",\"https:\\\/\\\/www.linkedin.com\\\/in\\\/marita-wiggerthale-913731b9\\\/\"]}]}<\/script>\n<!-- \/ Yoast SEO plugin. -->","yoast_head_json":{"title":"Agrar\u00f6kologie - Marita Wiggerthale","robots":{"index":"index","follow":"follow","max-snippet":"max-snippet:-1","max-image-preview":"max-image-preview:large","max-video-preview":"max-video-preview:-1"},"canonical":"https:\/\/marita-wiggerthale.de\/agraroekoloige\/","og_locale":"de_DE","og_type":"article","og_title":"Agrar\u00f6kologie - Marita Wiggerthale","og_description":"Abh\u00e4ngig und krisenanf\u00e4llig: Unsere Landwirtschaft ist viel abh\u00e4ngiger und krisenanf\u00e4lliger, als viele denken. Ein globaler Energieschock zeichnet sich ab. Was ist zu tun, um unsere Ern\u00e4hrung zu sichern? Mehr&#8230;. Faire &hellip;","og_url":"https:\/\/marita-wiggerthale.de\/agraroekoloige\/","og_site_name":"Marita Wiggerthale","article_modified_time":"2026-04-11T09:46:34+00:00","og_image":[{"width":1024,"height":760,"url":"https:\/\/marita-wiggerthale.de\/wp-content\/uploads\/2023\/03\/Agroecology-1024x760.png","type":"image\/png"}],"twitter_card":"summary_large_image","twitter_misc":{"Gesch\u00e4tzte Lesezeit":"2\u00a0Minuten"},"schema":{"@context":"https:\/\/schema.org","@graph":[{"@type":"WebPage","@id":"https:\/\/marita-wiggerthale.de\/agraroekoloige\/","url":"https:\/\/marita-wiggerthale.de\/agraroekoloige\/","name":"Agrar\u00f6kologie - Marita Wiggerthale","isPartOf":{"@id":"https:\/\/marita-wiggerthale.de\/#website"},"primaryImageOfPage":{"@id":"https:\/\/marita-wiggerthale.de\/agraroekoloige\/#primaryimage"},"image":{"@id":"https:\/\/marita-wiggerthale.de\/agraroekoloige\/#primaryimage"},"thumbnailUrl":"https:\/\/marita-wiggerthale.de\/wp-content\/uploads\/2023\/03\/Agroecology-1024x760.png","datePublished":"2023-03-11T11:50:08+00:00","dateModified":"2026-04-11T09:46:34+00:00","breadcrumb":{"@id":"https:\/\/marita-wiggerthale.de\/agraroekoloige\/#breadcrumb"},"inLanguage":"de","potentialAction":[{"@type":"ReadAction","target":["https:\/\/marita-wiggerthale.de\/agraroekoloige\/"]}]},{"@type":"ImageObject","inLanguage":"de","@id":"https:\/\/marita-wiggerthale.de\/agraroekoloige\/#primaryimage","url":"https:\/\/marita-wiggerthale.de\/wp-content\/uploads\/2023\/03\/Agroecology.png","contentUrl":"https:\/\/marita-wiggerthale.de\/wp-content\/uploads\/2023\/03\/Agroecology.png","width":1507,"height":1118},{"@type":"BreadcrumbList","@id":"https:\/\/marita-wiggerthale.de\/agraroekoloige\/#breadcrumb","itemListElement":[{"@type":"ListItem","position":1,"name":"Start","item":"https:\/\/marita-wiggerthale.de\/"},{"@type":"ListItem","position":2,"name":"Agrar\u00f6kologie"}]},{"@type":"WebSite","@id":"https:\/\/marita-wiggerthale.de\/#website","url":"https:\/\/marita-wiggerthale.de\/","name":"Marita Wiggerthale","description":"Transformation des Ern\u00e4hrungssystems mit Agrar\u00f6kologie","publisher":{"@id":"https:\/\/marita-wiggerthale.de\/#\/schema\/person\/446f00b604a8bff6a51d2d4b2b62a136"},"potentialAction":[{"@type":"SearchAction","target":{"@type":"EntryPoint","urlTemplate":"https:\/\/marita-wiggerthale.de\/?s={search_term_string}"},"query-input":{"@type":"PropertyValueSpecification","valueRequired":true,"valueName":"search_term_string"}}],"inLanguage":"de"},{"@type":["Person","Organization"],"@id":"https:\/\/marita-wiggerthale.de\/#\/schema\/person\/446f00b604a8bff6a51d2d4b2b62a136","name":"Marita Wiggerthale","image":{"@type":"ImageObject","inLanguage":"de","@id":"https:\/\/secure.gravatar.com\/avatar\/361b1a998f210bde425521b62446334346496ab70d7c7658cfa96fe5813b3a5e?s=96&d=mm&r=g","url":"https:\/\/secure.gravatar.com\/avatar\/361b1a998f210bde425521b62446334346496ab70d7c7658cfa96fe5813b3a5e?s=96&d=mm&r=g","contentUrl":"https:\/\/secure.gravatar.com\/avatar\/361b1a998f210bde425521b62446334346496ab70d7c7658cfa96fe5813b3a5e?s=96&d=mm&r=g","caption":"Marita Wiggerthale"},"logo":{"@id":"https:\/\/secure.gravatar.com\/avatar\/361b1a998f210bde425521b62446334346496ab70d7c7658cfa96fe5813b3a5e?s=96&d=mm&r=g"},"sameAs":["https:\/\/marita-wiggerthale.de","https:\/\/www.instagram.com\/maritawiggerthale\/","https:\/\/www.linkedin.com\/in\/marita-wiggerthale-913731b9\/"]}]}},"_links":{"self":[{"href":"https:\/\/marita-wiggerthale.de\/wp-json\/wp\/v2\/pages\/98","targetHints":{"allow":["GET"]}}],"collection":[{"href":"https:\/\/marita-wiggerthale.de\/wp-json\/wp\/v2\/pages"}],"about":[{"href":"https:\/\/marita-wiggerthale.de\/wp-json\/wp\/v2\/types\/page"}],"author":[{"embeddable":true,"href":"https:\/\/marita-wiggerthale.de\/wp-json\/wp\/v2\/users\/1"}],"replies":[{"embeddable":true,"href":"https:\/\/marita-wiggerthale.de\/wp-json\/wp\/v2\/comments?post=98"}],"version-history":[{"count":36,"href":"https:\/\/marita-wiggerthale.de\/wp-json\/wp\/v2\/pages\/98\/revisions"}],"predecessor-version":[{"id":1572,"href":"https:\/\/marita-wiggerthale.de\/wp-json\/wp\/v2\/pages\/98\/revisions\/1572"}],"wp:attachment":[{"href":"https:\/\/marita-wiggerthale.de\/wp-json\/wp\/v2\/media?parent=98"}],"curies":[{"name":"wp","href":"https:\/\/api.w.org\/{rel}","templated":true}]}}